{"id":8354,"date":"2025-03-31T15:08:50","date_gmt":"2025-03-31T15:08:52","guid":{"rendered":"https:\/\/barcompagniet.se\/?post_type=product&#038;p=8354"},"modified":"2025-05-13T15:51:53","modified_gmt":"2025-05-13T15:51:53","slug":"stripe-pitcher-1-5","status":"publish","type":"product","link":"https:\/\/barcompagniet.se\/es\/vasos-irrompibles\/jarras-y-cubeta-de-hielo\/stripe-pitcher-1-5\/","title":{"rendered":"Stripe Pitcher 1.5l"},"content":{"rendered":"<h2>Jarra Stripe 1,5 L \u2013 Jarra Exclusiva e Irrompible de Pl\u00e1stico para Uso en Exteriores<\/h2>\n<p>\u00bfBuscas una jarra elegante y resistente que combine dise\u00f1o y funcionalidad? La&nbsp;<em>Jarra Stripe de 1,5 litros<\/em>&nbsp;de Barcompagniet es la elecci\u00f3n perfecta. Esta jarra exclusiva forma parte de la popular&nbsp;<strong>Serie Stripe<\/strong>, reconocida por su dise\u00f1o sofisticado y alta calidad. Con una generosa capacidad de 1,5 litros, es ideal para servir bebidas a varios invitados, ya sea junto a la piscina, en una terraza, en el jard\u00edn o a bordo de un barco o autocaravana.<\/p>\n<p>Fabricada en pl\u00e1stico irrompible, te ofrece la tranquilidad de disfrutar del estilo y la funcionalidad all\u00ed donde el vidrio no es una opci\u00f3n. Su dise\u00f1o transparente con sutiles franjas aporta un toque de lujo, siendo adem\u00e1s f\u00e1cil de manejar y limpiar.<\/p>\n<p><strong>Ventajas de la Jarra Stripe 1,5 L:<\/strong><\/p>\n<ul>\n<li>Capacidad de 1,5 litros \u2013 perfecta para servir bebidas fr\u00edas a varios invitados<\/li>\n<li>Material irrompible \u2013 seguro y duradero en cualquier entorno<\/li>\n<li>Dise\u00f1o elegante de la Serie Stripe \u2013 ideal para cualquier ocasi\u00f3n<\/li>\n<li>Perfecta para la piscina, camping, barco, picnic o terrazas al aire libre<\/li>\n<li>F\u00e1cil de limpiar y almacenar<\/li>\n<\/ul>\n<div>\n<p>Elige estilo y seguridad \u2013 opta por una&nbsp;<em>Jarra Stripe<\/em> y convierte cada servicio en una experiencia de lujo, est\u00e9s donde est\u00e9s.<\/p>\n<\/div>\n<p>&nbsp;<\/p>\n","protected":false},"excerpt":{"rendered":"<p>Jarra Stripe 1,5 L \u2013 Jarra Exclusiva e Irrompible de Pl\u00e1stico para Uso en Exteriores \u00bfBuscas una jarra elegante y resistente que combine dise\u00f1o y funcionalidad? La&nbsp;Jarra Stripe de 1,5 litros&nbsp;de Barcompagniet es la elecci\u00f3n perfecta. Esta jarra exclusiva forma parte de la popular&nbsp;Serie Stripe, reconocida por su dise\u00f1o sofisticado y alta calidad. Con una [&hellip;]<\/p>\n","protected":false},"featured_media":8357,"menu_order":0,"comment_status":"open","ping_status":"closed","template":"","meta":{"_et_pb_use_builder":"","_et_pb_old_content":"","_et_gb_content_width":""},"product_cat":[645],"product_tag":[636],"class_list":["post-8354","product","type-product","status-publish","has-post-thumbnail","hentry","product_cat-jarras-y-cubeta-de-hielo","product_tag-una-seleccion-de-nuestros-vasos-y-copas-mas-polulares","pa_logotype-mojlig-ja-vid-storre-order-och-bra-framforhallning-es","pa_tal-maskindisk-ja-testade-att-klara-2000-diskar-i-profesionell-diskmaskin-utan-anmarkning-dock-viktigt-att-stamma-av-att-man-har-diskmedel-och-skoljmedel-for-plastglas-se-skotsel-information-es"],"acf":[],"_links":{"self":[{"href":"https:\/\/barcompagniet.se\/es\/wp-json\/wp\/v2\/product\/8354","targetHints":{"allow":["GET"]}}],"collection":[{"href":"https:\/\/barcompagniet.se\/es\/wp-json\/wp\/v2\/product"}],"about":[{"href":"https:\/\/barcompagniet.se\/es\/wp-json\/wp\/v2\/types\/product"}],"replies":[{"embeddable":true,"href":"https:\/\/barcompagniet.se\/es\/wp-json\/wp\/v2\/comments?post=8354"}],"wp:featuredmedia":[{"embeddable":true,"href":"https:\/\/barcompagniet.se\/es\/wp-json\/wp\/v2\/media\/8357"}],"wp:attachment":[{"href":"https:\/\/barcompagniet.se\/es\/wp-json\/wp\/v2\/media?parent=8354"}],"wp:term":[{"taxonomy":"product_cat","embeddable":true,"href":"https:\/\/barcompagniet.se\/es\/wp-json\/wp\/v2\/product_cat?post=8354"},{"taxonomy":"product_tag","embeddable":true,"href":"https:\/\/barcompagniet.se\/es\/wp-json\/wp\/v2\/product_tag?post=8354"}],"curies":[{"name":"wp","href":"https:\/\/api.w.org\/{rel}","templated":true}]}}