{"id":8122,"date":"2020-05-02T17:28:00","date_gmt":"2020-05-02T17:28:00","guid":{"rendered":"https:\/\/barcompagniet.se\/okrossbara-glas\/sin%20categor\u00eda\/stripe-champagneglas-18cl\/"},"modified":"2024-11-27T19:05:03","modified_gmt":"2024-11-27T19:05:03","slug":"stripe-champagneglas-18cl","status":"publish","type":"product","link":"https:\/\/barcompagniet.se\/es\/vasos-irrompibles\/champagneglas\/stripe-champagneglas-18cl\/","title":{"rendered":"Stripe Champagne 18cl"},"content":{"rendered":"<h2>Stripe Champagne Glass 18cl, a very exclusive unbreakable plastic glass made of polycarbonate from Barcompagniet.<\/h2>\n<p style=\"font-weight: 400;\">Stripe Champagne Glass 18cl is a new very exclusive unbreakable plastic glass of the highest quality, made of polycarbonate. The glass has a unique striped design that gives it a very exclusive appearance and also makes any scratches or water stains disappear magically. An unbreakable Champagne plastic glass perfect for occasions when regular glasses cannot be used but still want to convey an exclusive and luxurious feel. This could be at a hotel&#8217;s SPA section or outdoor seating at hotels and restaurants. The VIP section of a nightclub.&nbsp;Stripe Champagne Glass 18cl feels like a real glass. &nbsp;Stripe Champagne Glass 18cl is perfect to use where you want to serve guests in exclusive glasses but where, for safety or practical reasons, you must use unbreakable plastic glasses. Stripe Champagne Glass 18cl is part of the Stripe series from Barcompagniet.<\/p>\n<p><strong>Stripe Series<\/strong><\/p>\n<p style=\"font-weight: 400;\">The series includes Stripe 355 R, Stripe Wine Glass 38cl, Stripe HB 40cl, and Stripe Champagne Glass 18cl. &nbsp;<\/p>\n<p style=\"font-weight: 400;\"><strong>Unbreakable Quality<\/strong><\/p>\n<p style=\"font-weight: 400;\">All our models are made of the highest quality polycarbonate. We offer many types of glasses. The models are suitable for serving all types of beverages such as soda and water, cocktails, Champagne.<\/p>\n<p style=\"font-weight: 400;\"><strong>Several Advantages&nbsp;<\/strong><\/p>\n<p style=\"font-weight: 400;\">Unbreakable plastic glasses from Barcompagniet are the perfect option for nightclubs, bars, or restaurants that prioritize safety and want to comply with regulations regarding order. At many SPA Hotels today, Barcompagniet&#8217;s unbreakable glasses are a natural feature. Many of our customers who use the glasses in nightclubs save up to two hours of cleaning every day and experience less damage to their interiors and floors.<\/p>\n<p style=\"font-weight: 400;\">Many Application Areas<\/p>\n<p style=\"font-weight: 400;\">The glasses are suitable for many areas, situations, and occasions, e.g., in hotel rooms as they have the same feel as a real glass but with the advantage that it does not break if guests drop it. Then, the cleaners do not need to come out to the rooms to clean up.&nbsp;<\/p>\n<p style=\"font-weight: 400;\"><strong>These are just a few examples where the glasses work excellently.&nbsp;<\/strong><\/p>\n<ul>\n<li style=\"font-weight: 400;\">Nightclubs<\/li>\n<li style=\"font-weight: 400;\">Bars<\/li>\n<li style=\"font-weight: 400;\">Restaurants<\/li>\n<li style=\"font-weight: 400;\">Hotels<\/li>\n<li style=\"font-weight: 400;\">SPAs<\/li>\n<li style=\"font-weight: 400;\">Pool Areas<\/li>\n<li style=\"font-weight: 400;\">Boats<\/li>\n<li style=\"font-weight: 400;\">RVs<\/li>\n<li style=\"font-weight: 400;\">Picnics<\/li>\n<\/ul>\n<p><strong>Others<\/strong><br \/>\nThe glasses are dishwasher safe. See care instructions for more info.&nbsp;<a href=\"https:\/\/barcompagniet.se\/care-instructions\/\">https:\/\/barcompagniet.se\/care-instructions\/<\/a><\/p>\n","protected":false},"excerpt":{"rendered":"<p>Stripe Champagneglas 18cl \u00e4r ett mycket exklusivt okrossbart plastglas fr\u00e5n Barcompagniet. Det ing\u00e5r i den exklusiva Stripe serien.&nbsp;<\/p>\n","protected":false},"featured_media":7624,"menu_order":0,"comment_status":"open","ping_status":"closed","template":"","meta":{"_et_pb_use_builder":"","_et_pb_old_content":"","_et_gb_content_width":""},"product_cat":[642],"product_tag":[636],"class_list":["post-8122","product","type-product","status-publish","has-post-thumbnail","hentry","product_cat-copas-de-champan","product_tag-una-seleccion-de-nuestros-vasos-y-copas-mas-polulares","pa_ean-kod-glas-7350112310362-es","pa_ean-kod-ytterkartong-7350112310317-es","pa_hojd-glas-233cm-es","pa_innerkartong-antal-glas-8st-innerkartonger-med-6st-glas-i-varje-es","pa_innerkartonger-antal-lador-8st-es","pa_kapacitet-18-cl-5-8-oz-es","pa_pall-antal-glas-864-es","pa_pall-antal-kartonger-14st-es","pa_pall-storlek-120cmx80cmx120cm-es","pa_pall-vikt-1474kg-es","pa_storlek-innerkartong-26cm-x-255cm-x-75cm-es","pa_storlek-ytterkartong-52cm-x-27cm-x-325cm-es","pa_vikt-innerkartong-07kg-es","pa_vikt-per-glas-110-gram-es","pa_vikt-ytterkartong-680kg-es","pa_ytter-kartong-antal-glas-48st-es"],"acf":[],"_links":{"self":[{"href":"https:\/\/barcompagniet.se\/es\/wp-json\/wp\/v2\/product\/8122","targetHints":{"allow":["GET"]}}],"collection":[{"href":"https:\/\/barcompagniet.se\/es\/wp-json\/wp\/v2\/product"}],"about":[{"href":"https:\/\/barcompagniet.se\/es\/wp-json\/wp\/v2\/types\/product"}],"replies":[{"embeddable":true,"href":"https:\/\/barcompagniet.se\/es\/wp-json\/wp\/v2\/comments?post=8122"}],"wp:featuredmedia":[{"embeddable":true,"href":"https:\/\/barcompagniet.se\/es\/wp-json\/wp\/v2\/media\/7624"}],"wp:attachment":[{"href":"https:\/\/barcompagniet.se\/es\/wp-json\/wp\/v2\/media?parent=8122"}],"wp:term":[{"taxonomy":"product_cat","embeddable":true,"href":"https:\/\/barcompagniet.se\/es\/wp-json\/wp\/v2\/product_cat?post=8122"},{"taxonomy":"product_tag","embeddable":true,"href":"https:\/\/barcompagniet.se\/es\/wp-json\/wp\/v2\/product_tag?post=8122"}],"curies":[{"name":"wp","href":"https:\/\/api.w.org\/{rel}","templated":true}]}}