{"id":4245,"date":"2019-02-19T20:08:43","date_gmt":"2016-10-17T20:08:43","guid":{"rendered":"https:\/\/barcompdev.wpengine.com\/okrossbara-glas\/uncategorized\/ballongglas-69cl\/"},"modified":"2024-03-22T02:58:18","modified_gmt":"2024-03-22T02:58:18","slug":"palma-copa-de-balon-69cl","status":"publish","type":"product","link":"https:\/\/barcompagniet.se\/es\/vasos-irrompibles\/copas-de-balon\/palma-copa-de-balon-69cl\/","title":{"rendered":"Palma Copa de Bal\u00f3n 69cl"},"content":{"rendered":"<p><strong>Palma Copa de Bal\u00f3n<\/strong>&nbsp;es uno de los vasos irrompibles de calidad premium superior, dise\u00f1ado y fabricado en policarbonato por Barcompagniet. El vaso cuenta con un dise\u00f1o \u00fanico. Es perfecto para hoteles y clubes nocturnos y bares que quieren servir gin-tonics y otras atractivas bebidas demostrando una clase superior. Apto para lavavajillas. Probado para 2000 lavados.<\/p>\n<p><strong>Calidad irrompible<\/strong><br \/>\nTodos nuestros modelos son vasos de pl\u00e1stico irrompible de calidad premium (principalmente de policarbonato). Ofrecemos muchos tipos de vasos de vino de diferente tama\u00f1o e idoneidad. Nuestros productos son perfectos para cualquier tipo de vino, desde Riesling a Malbec, y la resistencia de los vasos los convierte en el complemento perfecto para cualquier fiesta de verano o al aire libre.<\/p>\n<p><strong>Varios beneficios<\/strong><br \/>\nLos vasos irrompibles son la alternativa perfecta para discotecas, bares o restaurantes que dan prioridad a la seguridad y quieren cumplir con las normativas sobre vasos rotos. Muchos de nuestros clientes se ahorran hasta dos horas de limpieza cada noche y sus suelos e interiores sufren menos da\u00f1os.<\/p>\n<p><strong>Muchas \u00e1reas de aplicaci\u00f3n<\/strong><br \/>\nLos vasos son adecuados para muchos \u00e1mbitos, situaciones y ocasiones. Estos son solo algunos ejemplos:<br \/>\n\u2022 Discotecas<br \/>\n\u2022 Bares<br \/>\n\u2022 Restaurantes<br \/>\n\u2022 Hoteles<br \/>\n\u2022 Balnearios<br \/>\n\u2022 \u00c1reas de piscina<br \/>\n\u2022 Barcos<br \/>\n\u2022 Caravanas<br \/>\n\u2022 Picnics<\/p>\n","protected":false},"excerpt":{"rendered":"<p>Palma Copa de Bal\u00f3n&nbsp;es uno de los vasos irrompibles de calidad premium superior, dise\u00f1ado y fabricado en policarbonato por Barcompagniet. El vaso cuenta con un dise\u00f1o \u00fanico. Es perfecto para hoteles y clubes nocturnos y bares que quieren servir gin-tonics y otras atractivas bebidas demostrando una clase superior. Apto para lavavajillas. Probado para 2000 lavados. [&hellip;]<\/p>\n","protected":false},"featured_media":7779,"menu_order":56,"comment_status":"open","ping_status":"closed","template":"","meta":{"_et_pb_use_builder":"","_et_pb_old_content":"","_et_gb_content_width":""},"product_cat":[762],"product_tag":[636],"class_list":["post-4245","product","type-product","status-publish","has-post-thumbnail","hentry","product_cat-copas-de-balon","product_tag-una-seleccion-de-nuestros-vasos-y-copas-mas-polulares","pa_kapacitet-69cl-es","pa_logotype-mojlig-ja-vid-storre-order-och-bra-framforhallning-es","pa_pall-antal-kartonger-14st-es","pa_pall-storlek-120cm-x-80cm-x-120cm-es","pa_tal-maskindisk-ja-testade-att-klara-2000-diskar-i-profesionell-diskmaskin-utan-anmarkning-dock-viktigt-att-stamma-av-att-man-har-diskmedel-och-skoljmedel-for-plastglas-se-skotsel-information-es"],"acf":[],"_links":{"self":[{"href":"https:\/\/barcompagniet.se\/es\/wp-json\/wp\/v2\/product\/4245","targetHints":{"allow":["GET"]}}],"collection":[{"href":"https:\/\/barcompagniet.se\/es\/wp-json\/wp\/v2\/product"}],"about":[{"href":"https:\/\/barcompagniet.se\/es\/wp-json\/wp\/v2\/types\/product"}],"replies":[{"embeddable":true,"href":"https:\/\/barcompagniet.se\/es\/wp-json\/wp\/v2\/comments?post=4245"}],"wp:featuredmedia":[{"embeddable":true,"href":"https:\/\/barcompagniet.se\/es\/wp-json\/wp\/v2\/media\/7779"}],"wp:attachment":[{"href":"https:\/\/barcompagniet.se\/es\/wp-json\/wp\/v2\/media?parent=4245"}],"wp:term":[{"taxonomy":"product_cat","embeddable":true,"href":"https:\/\/barcompagniet.se\/es\/wp-json\/wp\/v2\/product_cat?post=4245"},{"taxonomy":"product_tag","embeddable":true,"href":"https:\/\/barcompagniet.se\/es\/wp-json\/wp\/v2\/product_tag?post=4245"}],"curies":[{"name":"wp","href":"https:\/\/api.w.org\/{rel}","templated":true}]}}