{"id":4242,"date":"2021-02-21T11:01:33","date_gmt":"2016-02-05T11:01:33","guid":{"rendered":"https:\/\/barcompdev.wpengine.com\/okrossbara-glas\/uncategorized\/stripe-355-r\/"},"modified":"2025-03-05T17:58:21","modified_gmt":"2025-03-05T17:58:21","slug":"stripe-355-r","status":"publish","type":"product","link":"https:\/\/barcompagniet.se\/es\/vasos-irrompibles\/vasos-largos\/stripe-355-r\/","title":{"rendered":"Stripe 355 Rocks"},"content":{"rendered":"<p><strong>Stripe 355 R<\/strong>&nbsp;es uno de los vasos irrompibles de calidad premium superior, fabricado en policarbonato. Se trata del vaso n\u00ba 1 de Suecia en todos los puntos de venta principales. El vaso tiene un dise\u00f1o \u00fanico que hace desaparecer posibles ara\u00f1azos. Se trata de un vaso muy exclusivo con aspecto y tacto similar al cristal y un peso elevado de 200 g. Los vasos se apilan muy bien. Gracias a su base es f\u00e1cil separar los vasos despu\u00e9s de lavarlos. Es perfecto para clubes nocturnos y bares que necesitan muchos vasos y a menudo cuentan con muy poco espacio. Apto para lavavajillas. Probado para 2000 lavados. Podemos ofrecer este vaso de calidad superior a excelentes precios porque vendemos directamente desde nuestra f\u00e1brica.<\/p>\n<p><strong>Calidad irrompible<\/strong><br \/>\nTodos nuestros modelos son vasos de pl\u00e1stico irrompible de calidad premium (principalmente de policarbonato). Ofrecemos muchos tipos de vasos de vino de diferente tama\u00f1o e idoneidad. Nuestros productos son perfectos para cualquier tipo de vino, desde Riesling a Malbec, y la resistencia de los vasos los convierte en el complemento perfecto para cualquier fiesta de verano o al aire libre.<\/p>\n<p><strong>Varios beneficios<\/strong><br \/>\nLos vasos irrompibles son la alternativa perfecta para discotecas, bares o restaurantes que dan prioridad a la seguridad y quieren cumplir con las normativas sobre vasos rotos. Muchos de nuestros clientes se ahorran hasta dos horas de limpieza cada noche y sus suelos e interiores sufren menos da\u00f1os.<\/p>\n<p><strong>Muchas \u00e1reas de aplicaci\u00f3n<\/strong><br \/>\nLos vasos son adecuados para muchos \u00e1mbitos, situaciones y ocasiones. Estos son solo algunos ejemplos:<br \/>\n\u2022 Discotecas<br \/>\n\u2022 Bares<br \/>\n\u2022 Restaurantes<br \/>\n\u2022 Hoteles<br \/>\n\u2022 Balnearios<br \/>\n\u2022 \u00c1reas de piscina<br \/>\n\u2022 Barcos<br \/>\n\u2022 Caravanas<br \/>\n\u2022 Picnics<\/p>\n","protected":false},"excerpt":{"rendered":"<h1 class=\"product_title entry-title\">Stripe 355 Rocks<\/h1>\n<p><strong>Produkt<\/strong><br \/>\n* 35,5cl<br \/>\n* 9,5 cm h\u00f6ga<br \/>\n* 9,5 cm diameter<br \/>\n* 196 gram<\/p>\n<p><strong>Produkt attribut<\/strong><br \/>\n* Staplingsbara<br \/>\n* Heavybase<br \/>\n* Unik design<\/p>\n<p><strong>\u00d6vrigt<\/strong><br \/>\n* G\u00e5r att f\u00e5 med logotype vid st\u00f6rre best\u00e4llningar.<\/p>\n<p>&nbsp;<\/p>\n","protected":false},"featured_media":8334,"menu_order":49,"comment_status":"open","ping_status":"closed","template":"","meta":{"_et_pb_use_builder":"","_et_pb_old_content":"","_et_gb_content_width":""},"product_cat":[644],"product_tag":[696,695,697,636],"class_list":["post-4242","product","type-product","status-publish","has-post-thumbnail","hentry","product_cat-vasos-largos","product_tag-nyhet-es","product_tag-rocks-glas-laga-glas-es","product_tag-staplingsbart","product_tag-una-seleccion-de-nuestros-vasos-y-copas-mas-polulares","pa_innerkartong-antal-glas-18-es","pa_innerkartonger-antal-lador-4st-es","pa_kapacitet-355cl-12oz-es","pa_logotype-mojlig-ja-es","pa_pall-storlek-120cm-x-80cm-x-120cm-es","pa_ytter-kartong-antal-glas-72-es"],"acf":[],"_links":{"self":[{"href":"https:\/\/barcompagniet.se\/es\/wp-json\/wp\/v2\/product\/4242","targetHints":{"allow":["GET"]}}],"collection":[{"href":"https:\/\/barcompagniet.se\/es\/wp-json\/wp\/v2\/product"}],"about":[{"href":"https:\/\/barcompagniet.se\/es\/wp-json\/wp\/v2\/types\/product"}],"replies":[{"embeddable":true,"href":"https:\/\/barcompagniet.se\/es\/wp-json\/wp\/v2\/comments?post=4242"}],"wp:featuredmedia":[{"embeddable":true,"href":"https:\/\/barcompagniet.se\/es\/wp-json\/wp\/v2\/media\/8334"}],"wp:attachment":[{"href":"https:\/\/barcompagniet.se\/es\/wp-json\/wp\/v2\/media?parent=4242"}],"wp:term":[{"taxonomy":"product_cat","embeddable":true,"href":"https:\/\/barcompagniet.se\/es\/wp-json\/wp\/v2\/product_cat?post=4242"},{"taxonomy":"product_tag","embeddable":true,"href":"https:\/\/barcompagniet.se\/es\/wp-json\/wp\/v2\/product_tag?post=4242"}],"curies":[{"name":"wp","href":"https:\/\/api.w.org\/{rel}","templated":true}]}}