{"id":4237,"date":"2015-07-02T08:20:32","date_gmt":"2015-07-02T08:20:32","guid":{"rendered":"https:\/\/barcompdev.wpengine.com\/okrossbara-glas\/uncategorized\/shot-glass-4-cl\/"},"modified":"2019-11-06T04:59:42","modified_gmt":"2019-11-06T04:59:42","slug":"shot-glass-4-cl","status":"publish","type":"product","link":"https:\/\/barcompagniet.se\/es\/vasos-irrompibles\/vaso-de-trago-corto\/shot-glass-4-cl\/","title":{"rendered":"Falsterbo Shot 4cl"},"content":{"rendered":"<p>Looks and feels like a real glass, good weight makes it stable. Absolutely perfect in size to avoid the risk of over-serving.<\/p>\n<p><strong>Unbreakable quality<\/strong><br \/>\nAll of our models are premium unbreakable plastic glasses (mostly polycarbonate). We offer many sorts of shot glasses suitable for many different uses. These glasses works great for slamming tequilas in the club or drinking smoothies and vitamin shots at breakfast buffet.<\/p>\n<p><strong>Several benefits<\/strong><br \/>\nUnbreakable glasses are the perfect alternative for nightclubs, bars or restaurants that put safety first and wish to live up to the regulations regarding broken glasses. Many of our customer save up to two hours of cleaning every night and experience less damage to their floors and interiors.<\/p>\n<p><strong>Many application areas<\/strong><br \/>\nThe glasses are suitable for many areas, situations and occasions. These are just some examples:<br \/>\n\u2022 Nightclubs<br \/>\n\u2022 Bars<br \/>\n\u2022 Restaurants<br \/>\n\u2022 Hotels<br \/>\n\u2022 SPA:s<br \/>\n\u2022 Pool areas<br \/>\n\u2022 Boats<br \/>\n\u2022 Trailers<br \/>\n\u2022 Picnics<\/p>\n","protected":false},"excerpt":{"rendered":"<p>Shotglas i polykarbonat med heavybase. K\u00e4nns och ser ut som ett riktigt glas d\u00e5 du har bra tyngd och \u00e4r kristall klart.<\/p>\n<p>H\u00f6jd: 83mm<\/p>\n<p>Diameter: 40mm<\/p>\n","protected":false},"featured_media":0,"menu_order":146,"comment_status":"closed","ping_status":"closed","template":"","meta":{"_et_pb_use_builder":"","_et_pb_old_content":"","_et_gb_content_width":""},"product_cat":[646],"product_tag":[],"class_list":["post-4237","product","type-product","status-publish","hentry","product_cat-vaso-de-trago-corto","pa_hojd-glas-8-3-cm-es","pa_innerkartong-antal-glas-24-pc-es","pa_kapacitet-4-cl-1-5-oz-es","pa_material-plastglas-es","pa_material-polycarbonate-fda-approved-es","pa_vikt-per-glas-58-gram-es","pa_ytter-kartong-antal-glas-144-pc-es"],"acf":[],"_links":{"self":[{"href":"https:\/\/barcompagniet.se\/es\/wp-json\/wp\/v2\/product\/4237","targetHints":{"allow":["GET"]}}],"collection":[{"href":"https:\/\/barcompagniet.se\/es\/wp-json\/wp\/v2\/product"}],"about":[{"href":"https:\/\/barcompagniet.se\/es\/wp-json\/wp\/v2\/types\/product"}],"replies":[{"embeddable":true,"href":"https:\/\/barcompagniet.se\/es\/wp-json\/wp\/v2\/comments?post=4237"}],"wp:attachment":[{"href":"https:\/\/barcompagniet.se\/es\/wp-json\/wp\/v2\/media?parent=4237"}],"wp:term":[{"taxonomy":"product_cat","embeddable":true,"href":"https:\/\/barcompagniet.se\/es\/wp-json\/wp\/v2\/product_cat?post=4237"},{"taxonomy":"product_tag","embeddable":true,"href":"https:\/\/barcompagniet.se\/es\/wp-json\/wp\/v2\/product_tag?post=4237"}],"curies":[{"name":"wp","href":"https:\/\/api.w.org\/{rel}","templated":true}]}}