{"id":4402,"date":"2015-06-23T16:46:45","date_gmt":"2015-06-23T16:46:45","guid":{"rendered":"https:\/\/barcompdev.wpengine.com\/terms-conditions\/"},"modified":"2020-01-10T15:16:09","modified_gmt":"2020-01-10T15:16:09","slug":"terms-conditions","status":"publish","type":"page","link":"https:\/\/barcompagniet.se\/es\/terms-conditions\/","title":{"rendered":"T\u00e9rminos y condiciones"},"content":{"rendered":"<div>\n<section>\n<h2>Condiciones de venta en Barcompagniet.com\/Barcompagniet.se\/Barcom.es<\/h2>\n<ul>\n<li>Todos los precios presupuestados excluyen siempre el IVA. El precio aplicable ser\u00e1 el que indique la fecha en que el cliente realiza su pedido.<\/li>\n<li>Nos reservamos el derecho a enmendar cualquier error en el sitio web.<\/li>\n<li>Nos reservamos el derecho de cambiar los precios de validez y\/o condiciones de la p\u00e1gina web.<\/li>\n<li>Se debe informar de los da\u00f1os derivados del transporte de la mercanc\u00eda al conductor en el momento de la entrega; dicho da\u00f1o debe contar con la aprobaci\u00f3n de Barcompagniet.<\/li>\n<li>Aseg\u00farese tambi\u00e9n de que el n\u00famero de bultos coincida con el albar\u00e1n de entrega antes de firmar dicho albar\u00e1n.<\/li>\n<li>Si el n\u00famero de bultos es correcto, se debe informar al conductor.<\/li>\n<li>Las discrepancias deben notificarse en el plazo de los 7 d\u00edas siguientes a la recepci\u00f3n para que la queja sea v\u00e1lida.<\/li>\n<li>Sujeto a cualquier venta final.<\/li>\n<li>Vendemos a empresas y no a particulares.<\/li>\n<li>En la facturaci\u00f3n necesitamos sus condiciones organizativas.<\/li>\n<li>La entrega se realiza al cliente normalmente en un plazo de 3-5 d\u00edas si los art\u00edculos se encuentran en nuestro almac\u00e9n.<\/li>\n<li>Al solicitar productos no disponibles en stock, se aplica la informaci\u00f3n de entrega que recibe en el presupuesto.<\/li>\n<li>La propiedad de los productos pasa al cliente solo despu\u00e9s del pago completo.<\/li>\n<li>Es responsabilidad del comprador asegurarse de que la direcci\u00f3n indicada al realizar el pedido es la correcta para la entrega.<\/li>\n<li>Tenemos el derecho de cobrar a los clientes los costes de env\u00edos no reclamados o suministros que no hayan sido recogidos y otros gastos en los que incurramos como vendedor.<\/li>\n<\/ul>\n<p><!-- section--><\/p>\n<\/section>\n<\/div>\n<div>\n<h2>Devoluciones\/Reclamaciones<\/h2>\n<div>\n<section>\n<ul>\n<li>Antes de devolver cualquier producto debe contactar con Barcompagniet para obtener instrucciones m\u00e1s detalladas.<\/li>\n<li>Para poder abonar los productos devueltos, estos deben ir acompa\u00f1ados de un formulario de devoluci\u00f3n cumplimentado.<\/li>\n<li>Una vez abiertos no pueden devolverse.<\/li>\n<li>En los pedidos incorrectos se abona el 80% de la suma, y el cliente es libre de organizar el env\u00edo de la devoluci\u00f3n y asumir los costes, con un plazo de hasta 1 mes desde la fecha de factura.<\/li>\n<li>Los art\u00edculos que no se encuentran en stock o en el pedido, lamentablemente, no pueden devolverse. No se acepta la devoluci\u00f3n de productos sucios y\/o utilizados.<\/li>\n<\/ul>\n<h2>INSTRUCCIONES DE LAVADO<\/h2>\n<\/section>\n<p>NOTA: informaci\u00f3n sobre el lavado de vasos de PC.<br \/>\nLos vasos se pueden lavar del mismo modo que los vasos normales y son completamente aptos para lavavajillas. Para lavarlos a mano, utilice una esponja suave, detergente y un cepillo o un pa\u00f1o de microfibra.<br \/>\nNUNCA utilice cepillos o pa\u00f1os abrasivos, lana de acero u otros utensilios afilados para limpiar productos de pl\u00e1stico. Seque con un pa\u00f1o suave, teniendo en cuenta que utilizar un trapo abrasivo o \u00e1spero puede provocar da\u00f1os en su aspecto.<br \/>\nPara conseguir la m\u00e1xima duraci\u00f3n posible, consulte con su proveedor\/fabricante de detergente para utilizar un detergente y abrillantador adecuado para productos de pl\u00e1stico PC. De esta forma, los vasos quedar\u00e1n limpios y durar\u00e1n m\u00e1s tiempo. Algunos detergente y abrillantadores tambi\u00e9n pueden puede provocar el agrietamiento del pl\u00e1stico \u2013este tipo de error no es atribuible a defectos de fabricaci\u00f3n y no es aplicable a la garant\u00eda. Pida, por tanto, productos dise\u00f1ados para policarbonato cuando compre detergente y abrillantador. La temperatura de lavado recomendada es de un m\u00e1ximo de 70 grados.<\/p>\n<p>ALGUNOS CONSEJOS SOBRE VASOS DE POLICARBONATO<br \/>\n\u2022 No utilice benceno, alcohol, \u00e9ster ni disolventes org\u00e1nicos para la limpieza de nuestros productos.<br \/>\n\u2022 No deje vasos donde utilice productos grasos o l\u00e1cteos como leche, caf\u00e9, t\u00e9 de pie sin lavar durante mucho tiempo ya que podr\u00edan dejar cerco.<\/p>\n<\/div>\n<\/div>\n","protected":false},"excerpt":{"rendered":"<p>Condiciones de venta en Barcompagniet.com\/Barcompagniet.se\/Barcom.es Todos los precios presupuestados excluyen siempre el IVA. El precio aplicable ser\u00e1 el que indique la fecha en que el cliente realiza su pedido. Nos reservamos el derecho a enmendar cualquier error en el sitio web. Nos reservamos el derecho de cambiar los precios de validez y\/o condiciones de la [&hellip;]<\/p>\n","protected":false},"author":2,"featured_media":0,"parent":0,"menu_order":0,"comment_status":"closed","ping_status":"closed","template":"template-fullwidth.php","meta":{"_et_pb_use_builder":"","_et_pb_old_content":"","_et_gb_content_width":"","footnotes":""},"class_list":["post-4402","page","type-page","status-publish","hentry"],"acf":[],"_links":{"self":[{"href":"https:\/\/barcompagniet.se\/es\/wp-json\/wp\/v2\/pages\/4402","targetHints":{"allow":["GET"]}}],"collection":[{"href":"https:\/\/barcompagniet.se\/es\/wp-json\/wp\/v2\/pages"}],"about":[{"href":"https:\/\/barcompagniet.se\/es\/wp-json\/wp\/v2\/types\/page"}],"author":[{"embeddable":true,"href":"https:\/\/barcompagniet.se\/es\/wp-json\/wp\/v2\/users\/2"}],"replies":[{"embeddable":true,"href":"https:\/\/barcompagniet.se\/es\/wp-json\/wp\/v2\/comments?post=4402"}],"version-history":[{"count":0,"href":"https:\/\/barcompagniet.se\/es\/wp-json\/wp\/v2\/pages\/4402\/revisions"}],"wp:attachment":[{"href":"https:\/\/barcompagniet.se\/es\/wp-json\/wp\/v2\/media?parent=4402"}],"curies":[{"name":"wp","href":"https:\/\/api.w.org\/{rel}","templated":true}]}}