{"id":4258,"date":"2015-06-24T14:15:04","date_gmt":"2015-06-24T14:15:04","guid":{"rendered":"https:\/\/barcompdev.wpengine.com\/contact\/"},"modified":"2021-03-25T08:01:41","modified_gmt":"2021-03-25T08:01:41","slug":"como-podemos-ayudarle","status":"publish","type":"page","link":"https:\/\/barcompagniet.se\/es\/como-podemos-ayudarle\/","title":{"rendered":"\u00bfC\u00f3mo podemos ayudarle?"},"content":{"rendered":"<p>Si est\u00e1s interesado en nuestros productos o tienes alguna pregunta, no dudes en ponerte en contacto con nosotros. Te recomendamos pedir nuestras muestras para que puedas ver y sentir la diferencia al compararlos con vasos y copas \u00abde pl\u00e1stico\u00bb.<br \/>\nSi desea ponerse en contacto por favor, env\u00ede un correo electr\u00f3nico o cont\u00e1ctenos a trav\u00e9s del formulario.<\/p>\n<p><span>Email: <a href=\"mailto:info@barcompagniet.se\">info@barcompagniet.se<\/a><\/span><br \/>\n<span>Telephone:<a href=\"tel:0046703760909\"> +46 703 76 09 09<\/a><\/span><\/p>\n<div role=\"form\" class=\"wpcf7\" id=\"wpcf7-f136-o1\" lang=\"en-US\" dir=\"ltr\">\n<div class=\"screen-reader-response\"><p role=\"status\" aria-live=\"polite\" aria-atomic=\"true\"><\/p> <ul><\/ul><\/div>\n<form action=\"\/es\/wp-json\/wp\/v2\/pages\/4258#wpcf7-f136-o1\" method=\"post\" class=\"wpcf7-form init\" novalidate=\"novalidate\" data-status=\"init\">\n<div style=\"display: none;\">\n<input type=\"hidden\" name=\"_wpcf7\" value=\"136\" \/>\n<input type=\"hidden\" name=\"_wpcf7_version\" value=\"5.6.4\" \/>\n<input type=\"hidden\" name=\"_wpcf7_locale\" value=\"en_US\" \/>\n<input type=\"hidden\" name=\"_wpcf7_unit_tag\" value=\"wpcf7-f136-o1\" \/>\n<input type=\"hidden\" name=\"_wpcf7_container_post\" value=\"0\" \/>\n<input type=\"hidden\" name=\"_wpcf7_posted_data_hash\" value=\"\" \/>\n<\/div>\n<div class=\"first-row\"><span class=\"wpcf7-form-control-wrap\" data-name=\"your-name\"><input type=\"text\" name=\"your-name\" value=\"\" size=\"40\" class=\"wpcf7-form-control wpcf7-text wpcf7-validates-as-required\" aria-required=\"true\" aria-invalid=\"false\" placeholder=\"Your name\" \/><\/span><span class=\"wpcf7-form-control-wrap\" data-name=\"your-email\"><input type=\"email\" name=\"your-email\" value=\"\" size=\"40\" class=\"wpcf7-form-control wpcf7-text wpcf7-email wpcf7-validates-as-required wpcf7-validates-as-email\" aria-required=\"true\" aria-invalid=\"false\" placeholder=\"Email Address\" \/><\/span><\/div>\n<div class=\"second-row\"><span class=\"wpcf7-form-control-wrap\" data-name=\"tel-630\"><input type=\"tel\" name=\"tel-630\" value=\"\" size=\"40\" class=\"wpcf7-form-control wpcf7-text wpcf7-tel wpcf7-validates-as-tel\" aria-invalid=\"false\" placeholder=\"Telephone Number\" \/><\/span><span class=\"wpcf7-form-control-wrap\" data-name=\"your-subject\"><input type=\"text\" name=\"your-subject\" value=\"\" size=\"40\" class=\"wpcf7-form-control wpcf7-text\" aria-invalid=\"false\" placeholder=\"Subject\" \/><\/span><\/div>\n<span class=\"wpcf7-form-control-wrap\" data-name=\"your-message\"><textarea name=\"your-message\" cols=\"40\" rows=\"10\" class=\"wpcf7-form-control wpcf7-textarea\" aria-invalid=\"false\" placeholder=\"Your Message\"><\/textarea><\/span> \n<input type=\"submit\" value=\"Send\" class=\"wpcf7-form-control has-spinner wpcf7-submit\" \/><input type=\"hidden\" id=\"ct_checkjs_cf7_f7177163c833dff4b38fc8d2872f1ec6\" name=\"ct_checkjs_cf7\" value=\"0\" \/><input \n        id=\"apbct__email_id__wp_contact_form_7_3246\" \n        class=\"apbct_special_field apbct__email_id__wp_contact_form_7\"\n        autocomplete=\"off\" \n        name=\"apbct__email_id__wp_contact_form_7_3246\"  \n        type=\"text\" \n        value=\"\" \n        size=\"30\" \n        maxlength=\"200\" \n    \/><input \n        id=\"apbct_event_id\"\n        class=\"apbct_special_field\"\n        name=\"apbct_event_id\"\n        type=\"hidden\" \n        value=\"3246\" \n            \/><div class=\"wpcf7-response-output\" aria-hidden=\"true\"><\/div><\/form><\/div>\n","protected":false},"excerpt":{"rendered":"<p>Si est\u00e1s interesado en nuestros productos o tienes alguna pregunta, no dudes en ponerte en contacto con nosotros. Te recomendamos pedir nuestras muestras para que puedas ver y sentir la diferencia al compararlos con vasos y copas \u00abde pl\u00e1stico\u00bb. Si desea ponerse en contacto por favor, env\u00ede un correo electr\u00f3nico o cont\u00e1ctenos a trav\u00e9s del [&hellip;]<\/p>\n","protected":false},"author":2,"featured_media":0,"parent":0,"menu_order":0,"comment_status":"closed","ping_status":"closed","template":"template-fullwidth.php","meta":{"_et_pb_use_builder":"","_et_pb_old_content":"","_et_gb_content_width":"","footnotes":""},"class_list":["post-4258","page","type-page","status-publish","hentry"],"acf":[],"_links":{"self":[{"href":"https:\/\/barcompagniet.se\/es\/wp-json\/wp\/v2\/pages\/4258","targetHints":{"allow":["GET"]}}],"collection":[{"href":"https:\/\/barcompagniet.se\/es\/wp-json\/wp\/v2\/pages"}],"about":[{"href":"https:\/\/barcompagniet.se\/es\/wp-json\/wp\/v2\/types\/page"}],"author":[{"embeddable":true,"href":"https:\/\/barcompagniet.se\/es\/wp-json\/wp\/v2\/users\/2"}],"replies":[{"embeddable":true,"href":"https:\/\/barcompagniet.se\/es\/wp-json\/wp\/v2\/comments?post=4258"}],"version-history":[{"count":0,"href":"https:\/\/barcompagniet.se\/es\/wp-json\/wp\/v2\/pages\/4258\/revisions"}],"wp:attachment":[{"href":"https:\/\/barcompagniet.se\/es\/wp-json\/wp\/v2\/media?parent=4258"}],"curies":[{"name":"wp","href":"https:\/\/api.w.org\/{rel}","templated":true}]}}